{"id":20,"date":"2026-04-10T09:16:49","date_gmt":"2026-04-10T09:16:49","guid":{"rendered":"https:\/\/rubytext.de\/?page_id=20"},"modified":"2026-04-10T09:16:50","modified_gmt":"2026-04-10T09:16:50","slug":"datenschutz","status":"publish","type":"page","link":"https:\/\/rubytext.de\/?page_id=20","title":{"rendered":"Datenschutz"},"content":{"rendered":"\n<div class=\"wp-block-group alignfull is-layout-constrained wp-container-core-group-is-layout-f4d13f5d wp-block-group-is-layout-constrained\" style=\"padding-top:var(--wp--preset--spacing--50);padding-right:var(--wp--preset--spacing--50);padding-bottom:var(--wp--preset--spacing--50);padding-left:var(--wp--preset--spacing--50)\">\n<div class=\"wp-block-group is-layout-constrained wp-container-core-group-is-layout-04692c70 wp-block-group-is-layout-constrained\">\n<h1 class=\"wp-block-heading has-text-align-center has-x-large-font-size\">Ein Engagement f\u00fcr Innovation und Nachhaltigkeit<\/h1>\n\n\n\n<div style=\"height:1.25rem\" aria-hidden=\"true\" class=\"wp-block-spacer\"><\/div>\n\n\n\n<p class=\"has-text-align-center\">\u00c9tudes ist ein bahnbrechendes Unternehmen, das Kreativit\u00e4t und Funktionalit\u00e4t nahtlos miteinander verbindet, um architektonische Spitzenleistungen neu zu definieren.<\/p>\n\n\n\n<div style=\"height:1.25rem\" aria-hidden=\"true\" class=\"wp-block-spacer\"><\/div>\n\n\n\n<div class=\"wp-block-buttons is-content-justification-center is-layout-flex wp-container-core-buttons-is-layout-16018d1d wp-block-buttons-is-layout-flex\">\n<div class=\"wp-block-button\"><a class=\"wp-block-button__link wp-element-button\">Impressum<\/a><\/div>\n<\/div>\n<\/div>\n\n\n\n<div style=\"height:var(--wp--preset--spacing--30)\" aria-hidden=\"true\" class=\"wp-block-spacer\"><\/div>\n\n\n\n<figure class=\"wp-block-image alignwide size-full is-style-rounded\"><img decoding=\"async\" src=\"https:\/\/rubytext.de\/wp-content\/themes\/twentytwentyfour\/assets\/images\/building-exterior.webp\" alt=\"\u00c4u\u00dferes Geb\u00e4ude in Toronto, Kanada\"\/><\/figure>\n<\/div>\n\n\n\n<div class=\"wp-block-group alignfull has-base-2-background-color has-background is-layout-constrained wp-container-core-group-is-layout-2bafd31c wp-block-group-is-layout-constrained\" style=\"margin-top:0;margin-bottom:0;padding-top:var(--wp--preset--spacing--50);padding-right:var(--wp--preset--spacing--50);padding-bottom:var(--wp--preset--spacing--50);padding-left:var(--wp--preset--spacing--50)\">\n<div class=\"wp-block-group is-vertical is-content-justification-center is-layout-flex wp-container-core-group-is-layout-7681721f wp-block-group-is-layout-flex\">\n<h2 class=\"wp-block-heading has-text-align-center is-style-asterisk\">Eine Leidenschaft f\u00fcr die Gestaltung von R\u00e4umen<\/h2>\n\n\n\n<div style=\"height:0px\" aria-hidden=\"true\" class=\"wp-block-spacer wp-container-content-4f2ccadb\"><\/div>\n\n\n\n<p class=\"has-text-align-center\">Unser umfassendes Angebot an professionellen Dienstleistungen richtet sich an einen breit gef\u00e4cherten Kundenkreis, der von Hausbesitzern bis hin zu gewerblichen Bautr\u00e4gern reicht.<\/p>\n<\/div>\n\n\n\n<div style=\"margin-top:0;margin-bottom:0;height:var(--wp--preset--spacing--40)\" aria-hidden=\"true\" class=\"wp-block-spacer\"><\/div>\n\n\n\n<div class=\"wp-block-columns alignwide is-layout-flex wp-container-core-columns-is-layout-2aabe216 wp-block-columns-is-layout-flex\">\n<div class=\"wp-block-column is-layout-flow wp-block-column-is-layout-flow\">\n<h3 class=\"wp-block-heading has-text-align-left is-style-asterisk has-body-font-family has-medium-font-size\" style=\"font-style:normal;font-weight:600\">Renovierung und Restaurierung<\/h3>\n\n\n\n<p class=\"has-text-align-left\">Erlebe die Verschmelzung von Fantasie und Fachwissen mit \u00c9tudes Architektonische L\u00f6sungen.<\/p>\n<\/div>\n\n\n\n<div class=\"wp-block-column is-layout-flow wp-block-column-is-layout-flow\">\n<h3 class=\"wp-block-heading has-text-align-left is-style-asterisk has-body-font-family has-medium-font-size\" style=\"font-style:normal;font-weight:600\">Fortlaufender Support<\/h3>\n\n\n\n<p class=\"has-text-align-left\">Erlebe die Verschmelzung von Fantasie und Fachwissen mit \u00c9tudes Architektonische L\u00f6sungen.<\/p>\n<\/div>\n\n\n\n<div class=\"wp-block-column is-layout-flow wp-block-column-is-layout-flow\">\n<h3 class=\"wp-block-heading has-text-align-left is-style-asterisk has-body-font-family has-medium-font-size\" style=\"font-style:normal;font-weight:600\">App-Zugang<\/h3>\n\n\n\n<p class=\"has-text-align-left\">Erlebe die Verschmelzung von Fantasie und Fachwissen mit \u00c9tudes Architektonische L\u00f6sungen.<\/p>\n<\/div>\n<\/div>\n\n\n\n<div style=\"height:var(--wp--preset--spacing--20)\" aria-hidden=\"true\" class=\"wp-block-spacer\"><\/div>\n\n\n\n<div class=\"wp-block-columns alignwide is-layout-flex wp-container-core-columns-is-layout-2aabe216 wp-block-columns-is-layout-flex\">\n<div class=\"wp-block-column is-layout-flow wp-block-column-is-layout-flow\">\n<h3 class=\"wp-block-heading has-text-align-left is-style-asterisk has-body-font-family has-medium-font-size\" style=\"font-style:normal;font-weight:600\">Beratung<\/h3>\n\n\n\n<p class=\"has-text-align-left\">Erlebe die Verschmelzung von Fantasie und Fachwissen mit \u00c9tudes Architektonische L\u00f6sungen.<\/p>\n<\/div>\n\n\n\n<div class=\"wp-block-column is-layout-flow wp-block-column-is-layout-flow\">\n<h3 class=\"wp-block-heading has-text-align-left is-style-asterisk has-body-font-family has-medium-font-size\" style=\"font-style:normal;font-weight:600\">Projektmanagement<\/h3>\n\n\n\n<p class=\"has-text-align-left\">Erlebe die Verschmelzung von Fantasie und Fachwissen mit \u00c9tudes Architektonische L\u00f6sungen.<\/p>\n<\/div>\n\n\n\n<div class=\"wp-block-column is-layout-flow wp-block-column-is-layout-flow\">\n<h3 class=\"wp-block-heading has-text-align-left is-style-asterisk has-body-font-family has-medium-font-size\" style=\"font-style:normal;font-weight:600\">Architektonische L\u00f6sungen<\/h3>\n\n\n\n<p class=\"has-text-align-left\">Erlebe die Verschmelzung von Fantasie und Fachwissen mit \u00c9tudes Architektonische L\u00f6sungen.<\/p>\n<\/div>\n<\/div>\n<\/div>\n\n\n\n<div class=\"wp-block-group alignfull is-layout-constrained wp-container-core-group-is-layout-9cf8f26d wp-block-group-is-layout-constrained\" style=\"margin-top:0;margin-bottom:0;padding-top:var(--wp--preset--spacing--50);padding-right:var(--wp--preset--spacing--50);padding-bottom:var(--wp--preset--spacing--50);padding-left:var(--wp--preset--spacing--50)\">\n<div class=\"wp-block-group alignwide is-layout-constrained wp-block-group-is-layout-constrained\">\n<div class=\"wp-block-group is-vertical is-content-justification-center is-layout-flex wp-container-core-group-is-layout-a170cc76 wp-block-group-is-layout-flex\">\n<h2 class=\"wp-block-heading has-text-align-center is-style-asterisk\">Eine Reihe von Ressourcen<\/h2>\n\n\n\n<p class=\"has-text-align-center\">Unser umfassendes Angebot an professionellen Dienstleistungen richtet sich an einen breit gef\u00e4cherten Kundenkreis, der von Hausbesitzern bis hin zu gewerblichen Bautr\u00e4gern reicht.<\/p>\n<\/div>\n\n\n\n<div style=\"height:var(--wp--preset--spacing--40)\" aria-hidden=\"true\" class=\"wp-block-spacer\"><\/div>\n\n\n\n<div class=\"wp-block-columns alignwide is-layout-flex wp-container-core-columns-is-layout-b1b80ead wp-block-columns-is-layout-flex\">\n<div class=\"wp-block-column is-vertically-aligned-center is-layout-flow wp-block-column-is-layout-flow\" style=\"flex-basis:40%\">\n<h3 class=\"wp-block-heading is-style-asterisk\">\u00c9tudes Architekt-App<\/h3>\n\n\n\n<ul style=\"line-height:1.75\" class=\"wp-block-list is-style-checkmark-list\">\n<li>Arbeite mit anderen Architekten zusammen.<\/li>\n\n\n\n<li>Stelle deine Projekte vor.<\/li>\n\n\n\n<li>Erlebe die Welt der Architektur.<\/li>\n<\/ul>\n<\/div>\n\n\n\n<div class=\"wp-block-column is-layout-flow wp-block-column-is-layout-flow\" style=\"flex-basis:50%\">\n<figure class=\"wp-block-image size-large is-style-rounded\"><img decoding=\"async\" src=\"https:\/\/rubytext.de\/wp-content\/themes\/twentytwentyfour\/assets\/images\/tourist-and-building.webp\" alt=\"Tourist beim Fotografieren eines Geb\u00e4udes\"\/><\/figure>\n<\/div>\n<\/div>\n\n\n\n<div style=\"height:var(--wp--preset--spacing--40)\" aria-hidden=\"true\" class=\"wp-block-spacer\"><\/div>\n\n\n\n<div class=\"wp-block-columns alignwide is-layout-flex wp-container-core-columns-is-layout-b1b80ead wp-block-columns-is-layout-flex\">\n<div class=\"wp-block-column is-layout-flow wp-block-column-is-layout-flow\" style=\"flex-basis:50%\">\n<figure class=\"wp-block-image size-large is-style-rounded\"><img decoding=\"async\" src=\"https:\/\/rubytext.de\/wp-content\/themes\/twentytwentyfour\/assets\/images\/windows.webp\" alt=\"Fenster eines Geb\u00e4udes in N\u00fcrnberg, Deutschland\"\/><\/figure>\n<\/div>\n\n\n\n<div class=\"wp-block-column is-vertically-aligned-center is-layout-flow wp-block-column-is-layout-flow\" style=\"flex-basis:40%\">\n<h3 class=\"wp-block-heading is-style-asterisk\">\u00c9tudes-Newsletter<\/h3>\n\n\n\n<ul style=\"line-height:1.75\" class=\"wp-block-list is-style-checkmark-list\">\n<li>Eine Welt voller zum Nachdenken anregender Artikel.<\/li>\n\n\n\n<li>Fallstudien, die die Architektur feiern.<\/li>\n\n\n\n<li>Exklusiver Zugang zu Design-Einblicken.<\/li>\n<\/ul>\n<\/div>\n<\/div>\n<\/div>\n<\/div>\n\n\n\n<div class=\"wp-block-group alignfull has-base-color has-contrast-background-color has-text-color has-background is-layout-constrained wp-container-core-group-is-layout-6b0914bc wp-block-group-is-layout-constrained\" style=\"margin-top:0;margin-bottom:0;padding-top:var(--wp--preset--spacing--60);padding-right:var(--wp--preset--spacing--60);padding-bottom:var(--wp--preset--spacing--60);padding-left:var(--wp--preset--spacing--60)\">\n<div class=\"wp-block-group is-layout-constrained wp-block-group-is-layout-constrained\">\n<p class=\"has-text-align-center has-base-color has-text-color has-heading-font-family has-x-large-font-size\" style=\"line-height:1.2\">\n\t\t\t<em>\u201e\u00c9tudes hat uns Tausende von Arbeitsstunden erspart und uns Einblicke verschafft, die wir nie f\u00fcr m\u00f6glich gehalten h\u00e4tten.\u201c<\/em>\n\t\t<\/p>\n\n\n\n<div style=\"height:var(--wp--preset--spacing--10)\" aria-hidden=\"true\" class=\"wp-block-spacer\"><\/div>\n\n\n\n<div class=\"wp-block-group is-vertical is-content-justification-center is-nowrap is-layout-flex wp-container-core-group-is-layout-a9ff9874 wp-block-group-is-layout-flex\">\n\n\n<p class=\"has-text-align-center\" style=\"margin-top:var(--wp--preset--spacing--10);margin-bottom:0\">Annie Steiner<\/p>\n\n\n\n<p class=\"has-text-align-center has-contrast-3-color has-text-color has-small-font-size\" style=\"font-style:normal;font-weight:300\">CEO, Greenprint<\/p>\n<\/div>\n<\/div>\n<\/div>\n\n\n\n<div class=\"wp-block-group alignfull is-layout-constrained wp-container-core-group-is-layout-9cf8f26d wp-block-group-is-layout-constrained\" style=\"margin-top:0;margin-bottom:0;padding-top:var(--wp--preset--spacing--50);padding-right:var(--wp--preset--spacing--50);padding-bottom:var(--wp--preset--spacing--50);padding-left:var(--wp--preset--spacing--50)\">\n<h2 class=\"wp-block-heading alignwide has-x-large-font-size\" style=\"margin-top:0;margin-bottom:var(--wp--preset--spacing--40);line-height:1\">Sehen, lesen, h\u00f6ren<\/h2>\n\n\n\n<div class=\"wp-block-group alignwide is-layout-constrained wp-block-group-is-layout-constrained\">\n<div class=\"wp-block-query alignwide is-layout-flow wp-block-query-is-layout-flow\">\n\n\n<div style=\"height:var(--wp--preset--spacing--30)\" aria-hidden=\"true\" class=\"wp-block-spacer\"><\/div>\n\n\n\n\n<div class=\"wp-block-query-no-results\">\n\n<p>Es wurden keine Beitr\u00e4ge gefunden.<\/p>\n\n<\/div><\/div>\n<\/div>\n<\/div>\n\n\n\n<div class=\"wp-block-group alignfull is-layout-constrained wp-container-core-group-is-layout-9cf8f26d wp-block-group-is-layout-constrained\" style=\"margin-top:0;margin-bottom:0;padding-top:var(--wp--preset--spacing--50);padding-right:var(--wp--preset--spacing--50);padding-bottom:var(--wp--preset--spacing--50);padding-left:var(--wp--preset--spacing--50)\">\n<div class=\"wp-block-group alignwide has-base-2-background-color has-background is-layout-constrained wp-container-core-group-is-layout-282d97d7 wp-block-group-is-layout-constrained\" style=\"border-radius:16px;padding-top:var(--wp--preset--spacing--40);padding-right:var(--wp--preset--spacing--50);padding-bottom:var(--wp--preset--spacing--40);padding-left:var(--wp--preset--spacing--50)\">\n<div style=\"height:var(--wp--preset--spacing--10)\" aria-hidden=\"true\" class=\"wp-block-spacer\"><\/div>\n\n\n\n<h2 class=\"wp-block-heading has-text-align-center has-x-large-font-size\">Schlie\u00dfe dich 900+ Abonnenten an<\/h2>\n\n\n\n<p class=\"has-text-align-center\">Bleibe auf dem Laufenden mit allem, was du wissen musst.<\/p>\n\n\n\n<div class=\"wp-block-buttons is-content-justification-center is-layout-flex wp-container-core-buttons-is-layout-16018d1d wp-block-buttons-is-layout-flex\">\n<div class=\"wp-block-button\"><a class=\"wp-block-button__link wp-element-button\">Registrieren<\/a><\/div>\n<\/div>\n\n\n\n<div style=\"height:var(--wp--preset--spacing--10)\" aria-hidden=\"true\" class=\"wp-block-spacer\"><\/div>\n<\/div>\n<\/div>\n","protected":false},"excerpt":{"rendered":"<p>Ein Engagement f\u00fcr Innovation und Nachhaltigkeit \u00c9tudes ist ein bahnbrechendes Unternehmen, das Kreativit\u00e4t und Funktionalit\u00e4t nahtlos miteinander verbindet, um architektonische Spitzenleistungen neu zu definieren. Eine Leidenschaft f\u00fcr die Gestaltung von R\u00e4umen Unser umfassendes Angebot an professionellen Dienstleistungen richtet sich an einen breit gef\u00e4cherten Kundenkreis, der von Hausbesitzern bis hin zu gewerblichen Bautr\u00e4gern reicht. Renovierung und [&hellip;]<\/p>\n","protected":false},"author":1,"featured_media":0,"parent":0,"menu_order":0,"comment_status":"closed","ping_status":"closed","template":"","meta":{"footnotes":""},"class_list":["post-20","page","type-page","status-publish","hentry"],"yoast_head":"<!-- This site is optimized with the Yoast SEO plugin v27.3 - https:\/\/yoast.com\/product\/yoast-seo-wordpress\/ -->\n<title>Datenschutz - www.rubytext.de<\/title>\n<meta name=\"robots\" content=\"index, follow, max-snippet:-1, max-image-preview:large, max-video-preview:-1\" \/>\n<link rel=\"canonical\" href=\"https:\/\/rubytext.de\/?page_id=20\" \/>\n<meta property=\"og:locale\" content=\"de_DE\" \/>\n<meta property=\"og:type\" content=\"article\" \/>\n<meta property=\"og:title\" content=\"Datenschutz - www.rubytext.de\" \/>\n<meta property=\"og:description\" content=\"Ein Engagement f\u00fcr Innovation und Nachhaltigkeit \u00c9tudes ist ein bahnbrechendes Unternehmen, das Kreativit\u00e4t und Funktionalit\u00e4t nahtlos miteinander verbindet, um architektonische Spitzenleistungen neu zu definieren. Eine Leidenschaft f\u00fcr die Gestaltung von R\u00e4umen Unser umfassendes Angebot an professionellen Dienstleistungen richtet sich an einen breit gef\u00e4cherten Kundenkreis, der von Hausbesitzern bis hin zu gewerblichen Bautr\u00e4gern reicht. Renovierung und [&hellip;]\" \/>\n<meta property=\"og:url\" content=\"https:\/\/rubytext.de\/?page_id=20\" \/>\n<meta property=\"og:site_name\" content=\"www.rubytext.de\" \/>\n<meta property=\"article:modified_time\" content=\"2026-04-10T09:16:50+00:00\" \/>\n<meta property=\"og:image\" content=\"https:\/\/rubytext.de\/wp-content\/themes\/twentytwentyfour\/assets\/images\/building-exterior.webp\" \/>\n<meta name=\"twitter:card\" content=\"summary_large_image\" \/>\n<meta name=\"twitter:label1\" content=\"Gesch\u00e4tzte Lesezeit\" \/>\n\t<meta name=\"twitter:data1\" content=\"3\u00a0Minuten\" \/>\n<script type=\"application\/ld+json\" class=\"yoast-schema-graph\">{\"@context\":\"https:\\\/\\\/schema.org\",\"@graph\":[{\"@type\":\"WebPage\",\"@id\":\"https:\\\/\\\/rubytext.de\\\/?page_id=20\",\"url\":\"https:\\\/\\\/rubytext.de\\\/?page_id=20\",\"name\":\"Datenschutz - www.rubytext.de\",\"isPartOf\":{\"@id\":\"https:\\\/\\\/rubytext.de\\\/#website\"},\"primaryImageOfPage\":{\"@id\":\"https:\\\/\\\/rubytext.de\\\/?page_id=20#primaryimage\"},\"image\":{\"@id\":\"https:\\\/\\\/rubytext.de\\\/?page_id=20#primaryimage\"},\"thumbnailUrl\":\"https:\\\/\\\/rubytext.de\\\/wp-content\\\/themes\\\/twentytwentyfour\\\/assets\\\/images\\\/building-exterior.webp\",\"datePublished\":\"2026-04-10T09:16:49+00:00\",\"dateModified\":\"2026-04-10T09:16:50+00:00\",\"breadcrumb\":{\"@id\":\"https:\\\/\\\/rubytext.de\\\/?page_id=20#breadcrumb\"},\"inLanguage\":\"de\",\"potentialAction\":[{\"@type\":\"ReadAction\",\"target\":[\"https:\\\/\\\/rubytext.de\\\/?page_id=20\"]}]},{\"@type\":\"ImageObject\",\"inLanguage\":\"de\",\"@id\":\"https:\\\/\\\/rubytext.de\\\/?page_id=20#primaryimage\",\"url\":\"https:\\\/\\\/rubytext.de\\\/wp-content\\\/themes\\\/twentytwentyfour\\\/assets\\\/images\\\/building-exterior.webp\",\"contentUrl\":\"https:\\\/\\\/rubytext.de\\\/wp-content\\\/themes\\\/twentytwentyfour\\\/assets\\\/images\\\/building-exterior.webp\"},{\"@type\":\"BreadcrumbList\",\"@id\":\"https:\\\/\\\/rubytext.de\\\/?page_id=20#breadcrumb\",\"itemListElement\":[{\"@type\":\"ListItem\",\"position\":1,\"name\":\"Start\",\"item\":\"https:\\\/\\\/rubytext.de\\\/\"},{\"@type\":\"ListItem\",\"position\":2,\"name\":\"Datenschutz\"}]},{\"@type\":\"WebSite\",\"@id\":\"https:\\\/\\\/rubytext.de\\\/#website\",\"url\":\"https:\\\/\\\/rubytext.de\\\/\",\"name\":\"www.rubytext.de\",\"description\":\"\",\"potentialAction\":[{\"@type\":\"SearchAction\",\"target\":{\"@type\":\"EntryPoint\",\"urlTemplate\":\"https:\\\/\\\/rubytext.de\\\/?s={search_term_string}\"},\"query-input\":{\"@type\":\"PropertyValueSpecification\",\"valueRequired\":true,\"valueName\":\"search_term_string\"}}],\"inLanguage\":\"de\"}]}<\/script>\n<!-- \/ Yoast SEO plugin. -->","yoast_head_json":{"title":"Datenschutz - www.rubytext.de","robots":{"index":"index","follow":"follow","max-snippet":"max-snippet:-1","max-image-preview":"max-image-preview:large","max-video-preview":"max-video-preview:-1"},"canonical":"https:\/\/rubytext.de\/?page_id=20","og_locale":"de_DE","og_type":"article","og_title":"Datenschutz - www.rubytext.de","og_description":"Ein Engagement f\u00fcr Innovation und Nachhaltigkeit \u00c9tudes ist ein bahnbrechendes Unternehmen, das Kreativit\u00e4t und Funktionalit\u00e4t nahtlos miteinander verbindet, um architektonische Spitzenleistungen neu zu definieren. Eine Leidenschaft f\u00fcr die Gestaltung von R\u00e4umen Unser umfassendes Angebot an professionellen Dienstleistungen richtet sich an einen breit gef\u00e4cherten Kundenkreis, der von Hausbesitzern bis hin zu gewerblichen Bautr\u00e4gern reicht. Renovierung und [&hellip;]","og_url":"https:\/\/rubytext.de\/?page_id=20","og_site_name":"www.rubytext.de","article_modified_time":"2026-04-10T09:16:50+00:00","og_image":[{"url":"https:\/\/rubytext.de\/wp-content\/themes\/twentytwentyfour\/assets\/images\/building-exterior.webp","type":"","width":"","height":""}],"twitter_card":"summary_large_image","twitter_misc":{"Gesch\u00e4tzte Lesezeit":"3\u00a0Minuten"},"schema":{"@context":"https:\/\/schema.org","@graph":[{"@type":"WebPage","@id":"https:\/\/rubytext.de\/?page_id=20","url":"https:\/\/rubytext.de\/?page_id=20","name":"Datenschutz - www.rubytext.de","isPartOf":{"@id":"https:\/\/rubytext.de\/#website"},"primaryImageOfPage":{"@id":"https:\/\/rubytext.de\/?page_id=20#primaryimage"},"image":{"@id":"https:\/\/rubytext.de\/?page_id=20#primaryimage"},"thumbnailUrl":"https:\/\/rubytext.de\/wp-content\/themes\/twentytwentyfour\/assets\/images\/building-exterior.webp","datePublished":"2026-04-10T09:16:49+00:00","dateModified":"2026-04-10T09:16:50+00:00","breadcrumb":{"@id":"https:\/\/rubytext.de\/?page_id=20#breadcrumb"},"inLanguage":"de","potentialAction":[{"@type":"ReadAction","target":["https:\/\/rubytext.de\/?page_id=20"]}]},{"@type":"ImageObject","inLanguage":"de","@id":"https:\/\/rubytext.de\/?page_id=20#primaryimage","url":"https:\/\/rubytext.de\/wp-content\/themes\/twentytwentyfour\/assets\/images\/building-exterior.webp","contentUrl":"https:\/\/rubytext.de\/wp-content\/themes\/twentytwentyfour\/assets\/images\/building-exterior.webp"},{"@type":"BreadcrumbList","@id":"https:\/\/rubytext.de\/?page_id=20#breadcrumb","itemListElement":[{"@type":"ListItem","position":1,"name":"Start","item":"https:\/\/rubytext.de\/"},{"@type":"ListItem","position":2,"name":"Datenschutz"}]},{"@type":"WebSite","@id":"https:\/\/rubytext.de\/#website","url":"https:\/\/rubytext.de\/","name":"www.rubytext.de","description":"","potentialAction":[{"@type":"SearchAction","target":{"@type":"EntryPoint","urlTemplate":"https:\/\/rubytext.de\/?s={search_term_string}"},"query-input":{"@type":"PropertyValueSpecification","valueRequired":true,"valueName":"search_term_string"}}],"inLanguage":"de"}]}},"_links":{"self":[{"href":"https:\/\/rubytext.de\/index.php?rest_route=\/wp\/v2\/pages\/20","targetHints":{"allow":["GET"]}}],"collection":[{"href":"https:\/\/rubytext.de\/index.php?rest_route=\/wp\/v2\/pages"}],"about":[{"href":"https:\/\/rubytext.de\/index.php?rest_route=\/wp\/v2\/types\/page"}],"author":[{"embeddable":true,"href":"https:\/\/rubytext.de\/index.php?rest_route=\/wp\/v2\/users\/1"}],"replies":[{"embeddable":true,"href":"https:\/\/rubytext.de\/index.php?rest_route=%2Fwp%2Fv2%2Fcomments&post=20"}],"version-history":[{"count":1,"href":"https:\/\/rubytext.de\/index.php?rest_route=\/wp\/v2\/pages\/20\/revisions"}],"predecessor-version":[{"id":21,"href":"https:\/\/rubytext.de\/index.php?rest_route=\/wp\/v2\/pages\/20\/revisions\/21"}],"wp:attachment":[{"href":"https:\/\/rubytext.de\/index.php?rest_route=%2Fwp%2Fv2%2Fmedia&parent=20"}],"curies":[{"name":"wp","href":"https:\/\/api.w.org\/{rel}","templated":true}]}}